{"id":138,"date":"2019-05-04T16:02:16","date_gmt":"2019-05-04T16:02:16","guid":{"rendered":"http:\/\/oerli-dent.de\/home\/?page_id=138"},"modified":"2025-10-16T07:05:37","modified_gmt":"2025-10-16T07:05:37","slug":"focus-empfehlung","status":"publish","type":"page","link":"https:\/\/oerli-dent.de\/home\/focus-empfehlung\/","title":{"rendered":"FOCUS Empfehlungen"},"content":{"rendered":"\n<p>Jedes Jahr zeichnet das Magazin FOCUS in Ihrer Fachzeitschrift FOCUS-Gesundheit die besten \u00c4rzte der Regionen Deutschlands aus. <\/p>\n\n\n\n<p>Daf\u00fcr werden die \u00c4rzte in folgenden Aspekten verglichen:  Empfehlungen von anderen Medizinern,  Ausbildungen, Berufserfahrung,  Engagement in Fachgesellschaften, Vortragst\u00e4tigkeit, Praxisausstattung,  Patientenzufriedenheit, Patientenservice, Barrierefreiheit und Qualit\u00e4tsmanagement.<\/p>\n\n\n\n<p>Unsere Zahnarztpraxis Oerli-Dent ist stolz, sich zu den Preistr\u00e4gern im Landkreis Lippe z\u00e4hlen zu d\u00fcrfen:<\/p>\n\n\n\n<ul class=\"wp-block-list\">\n<li>FOCUS Empfehlung 2019 f\u00fcr Herrn Dr. Adrian Hackenberger<\/li>\n\n\n\n<li>FOCUS Empfehlung 2020 f\u00fcr Herrn Dr. Amged Al-Behaissi<\/li>\n\n\n\n<li>FOCUS Empfehlung 2021 f\u00fcr Herrn Dr. Amged Al-Behaissi<\/li>\n\n\n\n<li>FOCUS Empfehlung 2023 f\u00fcr Herrn Dr. Amged Al-Behaissi<\/li>\n\n\n\n<li>FOCUS Empfehlung 2024 f\u00fcr Herrn Dr. Amged Al-Behaissi<\/li>\n<\/ul>\n","protected":false},"excerpt":{"rendered":"<p>Jedes Jahr zeichnet das Magazin FOCUS in Ihrer Fachzeitschrift FOCUS-Gesundheit die besten \u00c4rzte der Regionen Deutschlands aus. Daf\u00fcr werden die \u00c4rzte in folgenden Aspekten verglichen: Empfehlungen von anderen Medizinern, Ausbildungen, Berufserfahrung, Engagement in Fachgesellschaften, Vortragst\u00e4tigkeit, Praxisausstattung, Patientenzufriedenheit, Patientenservice, Barrierefreiheit und Qualit\u00e4tsmanagement. Unsere Zahnarztpraxis Oerli-Dent ist stolz, sich zu den Preistr\u00e4gern im Landkreis Lippe z\u00e4hlen zu &hellip; <\/p>\n<p class=\"link-more\"><a href=\"https:\/\/oerli-dent.de\/home\/focus-empfehlung\/\" class=\"more-link\"><span class=\"screen-reader-text\">\u201eFOCUS Empfehlungen\u201c<\/span> weiterlesen<\/a><\/p>\n","protected":false},"author":1,"featured_media":0,"parent":0,"menu_order":0,"comment_status":"closed","ping_status":"closed","template":"","meta":{"footnotes":""},"class_list":["post-138","page","type-page","status-publish","hentry"],"_links":{"self":[{"href":"https:\/\/oerli-dent.de\/home\/wp-json\/wp\/v2\/pages\/138","targetHints":{"allow":["GET"]}}],"collection":[{"href":"https:\/\/oerli-dent.de\/home\/wp-json\/wp\/v2\/pages"}],"about":[{"href":"https:\/\/oerli-dent.de\/home\/wp-json\/wp\/v2\/types\/page"}],"author":[{"embeddable":true,"href":"https:\/\/oerli-dent.de\/home\/wp-json\/wp\/v2\/users\/1"}],"replies":[{"embeddable":true,"href":"https:\/\/oerli-dent.de\/home\/wp-json\/wp\/v2\/comments?post=138"}],"version-history":[{"count":33,"href":"https:\/\/oerli-dent.de\/home\/wp-json\/wp\/v2\/pages\/138\/revisions"}],"predecessor-version":[{"id":319,"href":"https:\/\/oerli-dent.de\/home\/wp-json\/wp\/v2\/pages\/138\/revisions\/319"}],"wp:attachment":[{"href":"https:\/\/oerli-dent.de\/home\/wp-json\/wp\/v2\/media?parent=138"}],"curies":[{"name":"wp","href":"https:\/\/api.w.org\/{rel}","templated":true}]}}