{"id":37,"date":"2019-01-18T08:09:51","date_gmt":"2019-01-18T08:09:51","guid":{"rendered":"http:\/\/oerli-dent.de\/home\/?page_id=37"},"modified":"2019-01-18T08:10:53","modified_gmt":"2019-01-18T08:10:53","slug":"leistungen","status":"publish","type":"page","link":"https:\/\/oerli-dent.de\/home\/leistungen\/","title":{"rendered":"Leistungen"},"content":{"rendered":"\n<p style=\"text-align:left\">Wir bieten Ihnen alle Bereiche der modernen Zahnmedizin.<\/p>\n\n\n\n<p>Diese umfassen nicht nur die Kariesbehandlung, sondern auch die Regulierung schief stehender Z\u00e4hne &#8211; sowohl bei Kindern als auch bei Erwachsenen. Falls notwendig, bieten wir Ihnen die Versorgung mit Kronen und Br\u00fccken und auch deren Verankerung auf Implantaten als k\u00fcnstlichen Zahnwurzeln an. Ebenso k\u00fcmmern wir uns um Ihre allgemeine Mundgesundheit, insbesondere wenn Parodontose bereits zu Mundgeruch oder lockeren Z\u00e4hnen gef\u00fchrt hat. Auch vollkeramische Arbeiten, die vollst\u00e4ndig ohne Metall auskommen, geh\u00f6ren zu unserem Leistungsspektrum und k\u00f6nnen teilweise sogar innerhalb einer Sitzung fertiggestellt werden.<\/p>\n\n\n\n<p>Hoch qualifizierte und motivierte Mitarbeiter, modernste Ger\u00e4te und ein praxisinternes Dentallabor garantieren Ihnen h\u00f6chste Professionalit\u00e4t und ein \u00e4u\u00dferstes Ma\u00df an Pr\u00e4zision auf allen zahnmedizinischen Gebieten. In unserer Praxis wird zurzeit au\u00dferdem ein Qualit\u00e4tsmanagementsystem implementiert, das unseren Qualit\u00e4tsanspruch objektiv nachweist. Es schlie\u00dft regelm\u00e4\u00dfige \u00dcberpr\u00fcfungen ein, wodurch das hohe Niveau unserer Behandlungen st\u00e4ndig gew\u00e4hrleistet ist. <\/p>\n\n\n\n<p>Wir haben immer ein offenes Ohr f\u00fcr Ihre zahnmedizinischen Probleme und W\u00fcnsche und versuchen mit Ihnen gemeinsam eine L\u00f6sung zu finden, denn Ihre Zufriedenheit und Ihr Wohlbefinden stehen f\u00fcr uns an erster Stelle.\n<\/p>\n","protected":false},"excerpt":{"rendered":"<p>Wir bieten Ihnen alle Bereiche der modernen Zahnmedizin. Diese umfassen nicht nur die Kariesbehandlung, sondern auch die Regulierung schief stehender Z\u00e4hne &#8211; sowohl bei Kindern als auch bei Erwachsenen. Falls notwendig, bieten wir Ihnen die Versorgung mit Kronen und Br\u00fccken und auch deren Verankerung auf Implantaten als k\u00fcnstlichen Zahnwurzeln an. Ebenso k\u00fcmmern wir uns um &hellip; <\/p>\n<p class=\"link-more\"><a href=\"https:\/\/oerli-dent.de\/home\/leistungen\/\" class=\"more-link\"><span class=\"screen-reader-text\">\u201eLeistungen\u201c<\/span> weiterlesen<\/a><\/p>\n","protected":false},"author":1,"featured_media":0,"parent":0,"menu_order":0,"comment_status":"closed","ping_status":"closed","template":"","meta":{"footnotes":""},"class_list":["post-37","page","type-page","status-publish","hentry"],"_links":{"self":[{"href":"https:\/\/oerli-dent.de\/home\/wp-json\/wp\/v2\/pages\/37","targetHints":{"allow":["GET"]}}],"collection":[{"href":"https:\/\/oerli-dent.de\/home\/wp-json\/wp\/v2\/pages"}],"about":[{"href":"https:\/\/oerli-dent.de\/home\/wp-json\/wp\/v2\/types\/page"}],"author":[{"embeddable":true,"href":"https:\/\/oerli-dent.de\/home\/wp-json\/wp\/v2\/users\/1"}],"replies":[{"embeddable":true,"href":"https:\/\/oerli-dent.de\/home\/wp-json\/wp\/v2\/comments?post=37"}],"version-history":[{"count":1,"href":"https:\/\/oerli-dent.de\/home\/wp-json\/wp\/v2\/pages\/37\/revisions"}],"predecessor-version":[{"id":38,"href":"https:\/\/oerli-dent.de\/home\/wp-json\/wp\/v2\/pages\/37\/revisions\/38"}],"wp:attachment":[{"href":"https:\/\/oerli-dent.de\/home\/wp-json\/wp\/v2\/media?parent=37"}],"curies":[{"name":"wp","href":"https:\/\/api.w.org\/{rel}","templated":true}]}}