{"id":41,"date":"2019-01-18T08:14:12","date_gmt":"2019-01-18T08:14:12","guid":{"rendered":"http:\/\/oerli-dent.de\/home\/?page_id=41"},"modified":"2019-05-04T16:03:39","modified_gmt":"2019-05-04T16:03:39","slug":"implantologie","status":"publish","type":"page","link":"https:\/\/oerli-dent.de\/home\/implantologie\/","title":{"rendered":"Implantologie"},"content":{"rendered":"\n<p>Das Implantat ist eine k\u00fcnstliche Zahnwurzel aus Titan und wird in den Kieferknochen eingesetzt. \u00dcber einen aufgesetzten Pfosten wird in einem weiteren Schritt der Zahnersatz befestigt. So ersetzen die Implantate fehlende Z\u00e4hne. Sie gew\u00e4hrleisten mehr Kaufunktionalit\u00e4t, Komfort und Lebensfreude und sind somit eine solide und langfristige L\u00f6sung.<\/p>\n\n\n\n<p>Bei Implantaten haben Sie nicht das Gef\u00fchl, dass sich k\u00fcnstliche Z\u00e4hne in Ihrem Mund befinden. Sie k\u00f6nnen alles essen und sich von der Angst frei machen, dass ein Ersatz beim Sprechen oder in Gesellschaft herausf\u00e4llt. Auch wenn ein herausnehmbarer Ersatz auf Implantaten befestigt wird, sitzt dieser so fest wie Ihre eigenen Z\u00e4hne.<\/p>\n\n\n\n<p>Fehlen einzelne Z\u00e4hne, kann mit Implantaten sehr substanzschonend gearbeitet werden. Zum Schlie\u00dfen einer L\u00fccke m\u00fcssen sonst oftmals gesunde Nachbarz\u00e4hne beschliffen werden. Dadurch geht gesunde Zahnhartsubstanz verloren und die Gefahr, dass der Zahnnerv irreversibel gesch\u00e4digt wird oder dass durch die vermehrte Kaukraftbelastung der Br\u00fcckenpfeiler die eigenen Z\u00e4hne fehlbelastet werden, ist zahnmedizinisch nicht ausschlie\u00dfbar. Setzt man ein einzelnes Implantat in die vorhandene L\u00fccke, dann werden die Nachbarz\u00e4hne nicht angetastet und genannte Risiken bestehen nicht.<\/p>\n\n\n\n<p>Sollten Sie sich f\u00fcr Implantate interessieren, sprechen Sie uns bitte an. Wir werden dann gemeinsam mit Ihnen &#8211; nach Ihren W\u00fcnschen und M\u00f6glichkeiten &#8211; einen Behandlungsplan erarbeiten.\n\t\t\n\t\n\t\n\t\n\t\n\t\n\t<\/p>\n","protected":false},"excerpt":{"rendered":"<p>Das Implantat ist eine k\u00fcnstliche Zahnwurzel aus Titan und wird in den Kieferknochen eingesetzt. \u00dcber einen aufgesetzten Pfosten wird in einem weiteren Schritt der Zahnersatz befestigt. So ersetzen die Implantate fehlende Z\u00e4hne. Sie gew\u00e4hrleisten mehr Kaufunktionalit\u00e4t, Komfort und Lebensfreude und sind somit eine solide und langfristige L\u00f6sung. Bei Implantaten haben Sie nicht das Gef\u00fchl, dass &hellip; <\/p>\n<p class=\"link-more\"><a href=\"https:\/\/oerli-dent.de\/home\/implantologie\/\" class=\"more-link\"><span class=\"screen-reader-text\">\u201eImplantologie\u201c<\/span> weiterlesen<\/a><\/p>\n","protected":false},"author":1,"featured_media":0,"parent":0,"menu_order":0,"comment_status":"closed","ping_status":"closed","template":"","meta":{"footnotes":""},"class_list":["post-41","page","type-page","status-publish","hentry"],"_links":{"self":[{"href":"https:\/\/oerli-dent.de\/home\/wp-json\/wp\/v2\/pages\/41","targetHints":{"allow":["GET"]}}],"collection":[{"href":"https:\/\/oerli-dent.de\/home\/wp-json\/wp\/v2\/pages"}],"about":[{"href":"https:\/\/oerli-dent.de\/home\/wp-json\/wp\/v2\/types\/page"}],"author":[{"embeddable":true,"href":"https:\/\/oerli-dent.de\/home\/wp-json\/wp\/v2\/users\/1"}],"replies":[{"embeddable":true,"href":"https:\/\/oerli-dent.de\/home\/wp-json\/wp\/v2\/comments?post=41"}],"version-history":[{"count":1,"href":"https:\/\/oerli-dent.de\/home\/wp-json\/wp\/v2\/pages\/41\/revisions"}],"predecessor-version":[{"id":42,"href":"https:\/\/oerli-dent.de\/home\/wp-json\/wp\/v2\/pages\/41\/revisions\/42"}],"wp:attachment":[{"href":"https:\/\/oerli-dent.de\/home\/wp-json\/wp\/v2\/media?parent=41"}],"curies":[{"name":"wp","href":"https:\/\/api.w.org\/{rel}","templated":true}]}}