{"id":63,"date":"2019-01-18T08:33:38","date_gmt":"2019-01-18T08:33:38","guid":{"rendered":"http:\/\/oerli-dent.de\/home\/?page_id=63"},"modified":"2019-01-18T08:33:38","modified_gmt":"2019-01-18T08:33:38","slug":"prophylaxe","status":"publish","type":"page","link":"https:\/\/oerli-dent.de\/home\/prophylaxe\/","title":{"rendered":"Prophylaxe"},"content":{"rendered":"\n<p>Zu unseren umfassenden Leistungsangeboten z\u00e4hlt auch die professionelle Zahnreinigung. Diese unterst\u00fctzt, wenn sie regelm\u00e4\u00dfig durchgef\u00fchrt wird, Ihre Mundgesundheit. Das Karies- und Parodontitisrisiko wird durch die Entfernung von Zahnstein und Zahnbelag minimiert. Ihre Z\u00e4hne werden poliert und remineralisiert.<\/p>\n\n\n\n<p>Ein sch\u00f6ner Nebeneffekt der Zahnreinigung ist das Aufhellen Ihrer Z\u00e4hne. Hartn\u00e4ckige Verf\u00e4rbungen durch Kaffee, Tee oder Zigaretten werden entfernt und die Z\u00e4hne bekommen ihre nat\u00fcrliche Farbe zur\u00fcck.<\/p>\n\n\n\n<p>Die S\u00e4uberung der Z\u00e4hne erfolgt mittels des Air-Flow-Pulver-Wasserstrahlger\u00e4tes. Dabei werden die Z\u00e4hne wie mit einem &#8222;Hochdruckreiniger&#8220; durch ein Wasser-Salz-Gemisch gereinigt. Das Air-Flow-Ger\u00e4t kann auch Stellen unterhalb des Zahnfleischrandes erreichen, an welche man mit einer herk\u00f6mmlichen Zahnb\u00fcrste und auch Zahnseide nicht gelangt.<br>Der sich immer wieder bildende Bakterienfilm, der auch die Parodontitis ausl\u00f6st, kann so ebenfalls immer wieder beseitigt werden.<\/p>\n\n\n\n<p>Wenn Sie sich f\u00fcr die professionelle Zahnreinigung interessieren, sprechen Sie uns bitte an. Wie erl\u00e4utern Ihnen gerne weitere Details.\n<\/p>\n","protected":false},"excerpt":{"rendered":"<p>Zu unseren umfassenden Leistungsangeboten z\u00e4hlt auch die professionelle Zahnreinigung. Diese unterst\u00fctzt, wenn sie regelm\u00e4\u00dfig durchgef\u00fchrt wird, Ihre Mundgesundheit. Das Karies- und Parodontitisrisiko wird durch die Entfernung von Zahnstein und Zahnbelag minimiert. Ihre Z\u00e4hne werden poliert und remineralisiert. Ein sch\u00f6ner Nebeneffekt der Zahnreinigung ist das Aufhellen Ihrer Z\u00e4hne. Hartn\u00e4ckige Verf\u00e4rbungen durch Kaffee, Tee oder Zigaretten werden &hellip; <\/p>\n<p class=\"link-more\"><a href=\"https:\/\/oerli-dent.de\/home\/prophylaxe\/\" class=\"more-link\"><span class=\"screen-reader-text\">\u201eProphylaxe\u201c<\/span> weiterlesen<\/a><\/p>\n","protected":false},"author":1,"featured_media":0,"parent":0,"menu_order":0,"comment_status":"closed","ping_status":"closed","template":"","meta":{"footnotes":""},"class_list":["post-63","page","type-page","status-publish","hentry"],"_links":{"self":[{"href":"https:\/\/oerli-dent.de\/home\/wp-json\/wp\/v2\/pages\/63","targetHints":{"allow":["GET"]}}],"collection":[{"href":"https:\/\/oerli-dent.de\/home\/wp-json\/wp\/v2\/pages"}],"about":[{"href":"https:\/\/oerli-dent.de\/home\/wp-json\/wp\/v2\/types\/page"}],"author":[{"embeddable":true,"href":"https:\/\/oerli-dent.de\/home\/wp-json\/wp\/v2\/users\/1"}],"replies":[{"embeddable":true,"href":"https:\/\/oerli-dent.de\/home\/wp-json\/wp\/v2\/comments?post=63"}],"version-history":[{"count":1,"href":"https:\/\/oerli-dent.de\/home\/wp-json\/wp\/v2\/pages\/63\/revisions"}],"predecessor-version":[{"id":64,"href":"https:\/\/oerli-dent.de\/home\/wp-json\/wp\/v2\/pages\/63\/revisions\/64"}],"wp:attachment":[{"href":"https:\/\/oerli-dent.de\/home\/wp-json\/wp\/v2\/media?parent=63"}],"curies":[{"name":"wp","href":"https:\/\/api.w.org\/{rel}","templated":true}]}}