{"id":70,"date":"2019-01-18T08:44:02","date_gmt":"2019-01-18T08:44:02","guid":{"rendered":"http:\/\/oerli-dent.de\/home\/?page_id=70"},"modified":"2019-01-18T08:44:02","modified_gmt":"2019-01-18T08:44:02","slug":"endodontie","status":"publish","type":"page","link":"https:\/\/oerli-dent.de\/home\/endodontie\/","title":{"rendered":"Endodontie"},"content":{"rendered":"\n<p>Die Erhaltung von Z\u00e4hnen steht bei uns an oberster Stelle.<br>Durch die Endodontie, die Wurzelbehandlung, k\u00f6nnen wir viele Z\u00e4hne, die sonst gezogen werden m\u00fcssten, weil ein entz\u00fcndlicher Prozess seinen Anfang genommen hat oder eine bis zum Zahnnerven reichende Karies vorhanden ist, retten.<\/p>\n\n\n\n<p>Durch moderne Ger\u00e4te wie den Endostepper oder RinseEndo und die Verwendung von Lupen ist eine optimale Aufbereitung und Desinfektion des Wurzelkanals gew\u00e4hrleistet. Die Aufbereitung und Desinfektion sind notwendig, um jeglichen Bakterienbefall des Wurzelkanals vor der endg\u00fcltigen F\u00fcllung der Zahnwurzel und des Zahnes auszuschlie\u00dfen.<br>Eine bakteriendichte F\u00fcllung aus Guttapercha und einem Sealer verhindert auch im weiteren Verlauf das erneute Eindringen von Bakterien. So wird die M\u00f6glichkeit einer erneuten Entz\u00fcndung minimiert und der Zahn wird erhalten.\n<\/p>\n","protected":false},"excerpt":{"rendered":"<p>Die Erhaltung von Z\u00e4hnen steht bei uns an oberster Stelle.Durch die Endodontie, die Wurzelbehandlung, k\u00f6nnen wir viele Z\u00e4hne, die sonst gezogen werden m\u00fcssten, weil ein entz\u00fcndlicher Prozess seinen Anfang genommen hat oder eine bis zum Zahnnerven reichende Karies vorhanden ist, retten. Durch moderne Ger\u00e4te wie den Endostepper oder RinseEndo und die Verwendung von Lupen ist &hellip; <\/p>\n<p class=\"link-more\"><a href=\"https:\/\/oerli-dent.de\/home\/endodontie\/\" class=\"more-link\"><span class=\"screen-reader-text\">\u201eEndodontie\u201c<\/span> weiterlesen<\/a><\/p>\n","protected":false},"author":1,"featured_media":0,"parent":0,"menu_order":0,"comment_status":"closed","ping_status":"closed","template":"","meta":{"footnotes":""},"class_list":["post-70","page","type-page","status-publish","hentry"],"_links":{"self":[{"href":"https:\/\/oerli-dent.de\/home\/wp-json\/wp\/v2\/pages\/70","targetHints":{"allow":["GET"]}}],"collection":[{"href":"https:\/\/oerli-dent.de\/home\/wp-json\/wp\/v2\/pages"}],"about":[{"href":"https:\/\/oerli-dent.de\/home\/wp-json\/wp\/v2\/types\/page"}],"author":[{"embeddable":true,"href":"https:\/\/oerli-dent.de\/home\/wp-json\/wp\/v2\/users\/1"}],"replies":[{"embeddable":true,"href":"https:\/\/oerli-dent.de\/home\/wp-json\/wp\/v2\/comments?post=70"}],"version-history":[{"count":1,"href":"https:\/\/oerli-dent.de\/home\/wp-json\/wp\/v2\/pages\/70\/revisions"}],"predecessor-version":[{"id":71,"href":"https:\/\/oerli-dent.de\/home\/wp-json\/wp\/v2\/pages\/70\/revisions\/71"}],"wp:attachment":[{"href":"https:\/\/oerli-dent.de\/home\/wp-json\/wp\/v2\/media?parent=70"}],"curies":[{"name":"wp","href":"https:\/\/api.w.org\/{rel}","templated":true}]}}