{"id":72,"date":"2019-01-18T08:44:38","date_gmt":"2019-01-18T08:44:38","guid":{"rendered":"http:\/\/oerli-dent.de\/home\/?page_id=72"},"modified":"2019-01-18T08:44:38","modified_gmt":"2019-01-18T08:44:38","slug":"parodontologie","status":"publish","type":"page","link":"https:\/\/oerli-dent.de\/home\/parodontologie\/","title":{"rendered":"Parodontologie"},"content":{"rendered":"\n<p>Die Parodontologie besch\u00e4ftigt sich mit dem Zahnhalteapparat. Im allgemeinen Sprachgebrauch wird die Parodontitis, also der R\u00fcckgang des Zahnfleisches und die Lockerung von Z\u00e4hnen, als Parodontose bezeichnet. Heute ist zahnmedizinisch bekannt, dass die &#8222;Aufl\u00f6sung&#8220; des Zahnhalteapparates durch ein \u00dcberma\u00df spezieller Bakterien in den nat\u00fcrlichen Zahnfleischtaschen zustande kommt. Diese Bakterien sorgen f\u00fcr eine dauerhafte Entz\u00fcndung des Zahnfleisches mit der Folge, dass sich der zahntragende Knochen zur\u00fcckzieht. Das Zahnfleisch folgt stets dem Knochen und so kommt es zu sichtbarem Zahnfleischverlust und zu einer optisch wahrnehmbaren Verl\u00e4ngerung der Z\u00e4hne. Auch k\u00f6nnen die Bakterien einen unangenehmen Mundgeruch nach sich ziehen. Die st\u00e4ndige Entz\u00fcndung des Zahnfleisches kann nach heutigen Erkenntnissen zudem zu Herzproblemen f\u00fchren, einen Risikofaktor f\u00fcr Fr\u00fchgeburten bilden und den Zuckerhaushalt bei Diabetikern beeinflussen.<\/p>\n\n\n\n<p>Die Parodontitis ist nur durch konsequente Reinigung der Zahnfleischtaschen zu stoppen, es m\u00fcssen dauerhaft alle Parodontitis verursachenden Bakerien eliminiert werden. In den meisten F\u00e4llen gen\u00fcgt eine geschlossene Parodontitisbehandlung. Diese wird bei uns zus\u00e4tzlich mit einem Laser durchgef\u00fchrt. Der Lasereinsatz erm\u00f6glicht eine besonders schonende und gr\u00fcndliche Reinigung der Taschen. Nur bei sehr stark vorangeschrittener Parodontitis k\u00f6nnen weitere chirurgische Ma\u00dfnahmen notwendig werden.<\/p>\n\n\n\n<p>Aufgrund der erfolgten Anamnese erstellen wir mit Ihnen einen Therapieplan, der gesundes Zahnfleisch, eine gesunde Mundflora und somit gesunde Z\u00e4hne zum Ziel hat.\n<\/p>\n","protected":false},"excerpt":{"rendered":"<p>Die Parodontologie besch\u00e4ftigt sich mit dem Zahnhalteapparat. Im allgemeinen Sprachgebrauch wird die Parodontitis, also der R\u00fcckgang des Zahnfleisches und die Lockerung von Z\u00e4hnen, als Parodontose bezeichnet. Heute ist zahnmedizinisch bekannt, dass die &#8222;Aufl\u00f6sung&#8220; des Zahnhalteapparates durch ein \u00dcberma\u00df spezieller Bakterien in den nat\u00fcrlichen Zahnfleischtaschen zustande kommt. Diese Bakterien sorgen f\u00fcr eine dauerhafte Entz\u00fcndung des Zahnfleisches &hellip; <\/p>\n<p class=\"link-more\"><a href=\"https:\/\/oerli-dent.de\/home\/parodontologie\/\" class=\"more-link\"><span class=\"screen-reader-text\">\u201eParodontologie\u201c<\/span> weiterlesen<\/a><\/p>\n","protected":false},"author":1,"featured_media":0,"parent":0,"menu_order":0,"comment_status":"closed","ping_status":"closed","template":"","meta":{"footnotes":""},"class_list":["post-72","page","type-page","status-publish","hentry"],"_links":{"self":[{"href":"https:\/\/oerli-dent.de\/home\/wp-json\/wp\/v2\/pages\/72","targetHints":{"allow":["GET"]}}],"collection":[{"href":"https:\/\/oerli-dent.de\/home\/wp-json\/wp\/v2\/pages"}],"about":[{"href":"https:\/\/oerli-dent.de\/home\/wp-json\/wp\/v2\/types\/page"}],"author":[{"embeddable":true,"href":"https:\/\/oerli-dent.de\/home\/wp-json\/wp\/v2\/users\/1"}],"replies":[{"embeddable":true,"href":"https:\/\/oerli-dent.de\/home\/wp-json\/wp\/v2\/comments?post=72"}],"version-history":[{"count":1,"href":"https:\/\/oerli-dent.de\/home\/wp-json\/wp\/v2\/pages\/72\/revisions"}],"predecessor-version":[{"id":73,"href":"https:\/\/oerli-dent.de\/home\/wp-json\/wp\/v2\/pages\/72\/revisions\/73"}],"wp:attachment":[{"href":"https:\/\/oerli-dent.de\/home\/wp-json\/wp\/v2\/media?parent=72"}],"curies":[{"name":"wp","href":"https:\/\/api.w.org\/{rel}","templated":true}]}}